{"id":1938,"date":"2023-04-19T17:28:02","date_gmt":"2023-04-19T10:28:02","guid":{"rendered":"https:\/\/tienvuphoto.com\/?page_id=1938"},"modified":"2025-07-02T17:36:00","modified_gmt":"2025-07-02T10:36:00","slug":"kinh-nghiem-chup-san-pham","status":"publish","type":"page","link":"https:\/\/tienvuphoto.com\/index.php\/trang-chu\/kinh-nghiem-chup-san-pham\/","title":{"rendered":"Blog &#8211; Kinh nghi\u1ec7m ch\u1ee5p"},"content":{"rendered":"\t\t<div data-elementor-type=\"wp-page\" data-elementor-id=\"1938\" class=\"elementor elementor-1938\">\n\t\t\t\t\t\t<section class=\"elementor-section elementor-top-section elementor-element elementor-element-5a6206e elementor-section-boxed elementor-section-height-default elementor-section-height-default\" data-id=\"5a6206e\" data-element_type=\"section\">\n\t\t\t\t\t\t<div class=\"elementor-container elementor-column-gap-default\">\n\t\t\t\t\t<div class=\"elementor-column elementor-col-100 elementor-top-column elementor-element elementor-element-68f57db\" data-id=\"68f57db\" data-element_type=\"column\">\n\t\t\t<div class=\"elementor-widget-wrap elementor-element-populated\">\n\t\t\t\t\t\t<div class=\"elementor-element elementor-element-0be9428 elementor-grid-mobile-2 elementor-posts--align-left elementor-widget__width-inherit elementor-grid-3 elementor-grid-tablet-2 elementor-posts--thumbnail-top elementor-posts--show-avatar elementor-card-shadow-yes elementor-posts__hover-gradient elementor-widget elementor-widget-posts\" data-id=\"0be9428\" data-element_type=\"widget\" data-settings=\"{&quot;cards_columns_mobile&quot;:&quot;2&quot;,&quot;cards_masonry&quot;:&quot;yes&quot;,&quot;cards_row_gap&quot;:{&quot;unit&quot;:&quot;px&quot;,&quot;size&quot;:10,&quot;sizes&quot;:[]},&quot;cards_columns&quot;:&quot;3&quot;,&quot;cards_columns_tablet&quot;:&quot;2&quot;,&quot;cards_row_gap_tablet&quot;:{&quot;unit&quot;:&quot;px&quot;,&quot;size&quot;:&quot;&quot;,&quot;sizes&quot;:[]},&quot;cards_row_gap_mobile&quot;:{&quot;unit&quot;:&quot;px&quot;,&quot;size&quot;:&quot;&quot;,&quot;sizes&quot;:[]}}\" data-widget_type=\"posts.cards\">\n\t\t\t\t<div class=\"elementor-widget-container\">\n\t\t\t\t\t\t\t<div class=\"elementor-posts-container elementor-posts elementor-posts--skin-cards elementor-grid\">\n\t\t\t\t<article class=\"elementor-post elementor-grid-item post-7115 post type-post status-publish format-standard hentry category-blog latest_post\">\n\t\t\t<div class=\"elementor-post__card\">\n\t\t\t\t<div class=\"elementor-post__text\">\n\t\t\t\t<h2 class=\"elementor-post__title\">\n\t\t\t<a href=\"https:\/\/tienvuphoto.com\/index.php\/2026\/02\/12\/guide-complet-du-casino-en-ligne-tout-ce-que-vous-devez-savoir-avant-de-jouer-8\/\" >\n\t\t\t\tGuide complet du casino en ligne \u2013 Tout ce que vous devez savoir avant de jouer\t\t\t<\/a>\n\t\t<\/h2>\n\t\t\n\t\t<a class=\"elementor-post__read-more\" href=\"https:\/\/tienvuphoto.com\/index.php\/2026\/02\/12\/guide-complet-du-casino-en-ligne-tout-ce-que-vous-devez-savoir-avant-de-jouer-8\/\" >\n\t\t\tRead More \u00bb\t\t<\/a>\n\n\t\t\t\t<\/div>\n\t\t\t\t<div class=\"elementor-post__meta-data\">\n\t\t\t\t\t<span class=\"elementor-post-date\">\n\t\t\t16\/04\/2026\t\t<\/span>\n\t\t\t\t<\/div>\n\t\t\t\t\t<\/div>\n\t\t<\/article>\n\t\t\t\t<article class=\"elementor-post elementor-grid-item post-6969 post type-post status-publish format-standard hentry category-blog latest_post\">\n\t\t\t<div class=\"elementor-post__card\">\n\t\t\t\t<div class=\"elementor-post__text\">\n\t\t\t\t<h2 class=\"elementor-post__title\">\n\t\t\t<a href=\"https:\/\/tienvuphoto.com\/index.php\/2025\/08\/30\/guide-complet-du-casino-en-ligne-tout-ce-que-vous-devez-savoir-en-2026-4\/\" >\n\t\t\t\tGuide complet du casino en ligne : tout ce que vous devez savoir en 2026\t\t\t<\/a>\n\t\t<\/h2>\n\t\t\n\t\t<a class=\"elementor-post__read-more\" href=\"https:\/\/tienvuphoto.com\/index.php\/2025\/08\/30\/guide-complet-du-casino-en-ligne-tout-ce-que-vous-devez-savoir-en-2026-4\/\" >\n\t\t\tRead More \u00bb\t\t<\/a>\n\n\t\t\t\t<\/div>\n\t\t\t\t<div class=\"elementor-post__meta-data\">\n\t\t\t\t\t<span class=\"elementor-post-date\">\n\t\t\t03\/04\/2026\t\t<\/span>\n\t\t\t\t<\/div>\n\t\t\t\t\t<\/div>\n\t\t<\/article>\n\t\t\t\t<article class=\"elementor-post elementor-grid-item post-3578 post type-post status-publish format-standard has-post-thumbnail hentry category-blog category-concept-chup-anh-my-pham tag-chup-anh-san-pham tag-chupanhbanhang tag-chupanhsanpham tag-tu-chup-anh-ban-hang latest_post\">\n\t\t\t<div class=\"elementor-post__card\">\n\t\t\t\t<a class=\"elementor-post__thumbnail__link\" href=\"https:\/\/tienvuphoto.com\/index.php\/2024\/03\/08\/chup-anh-san-pham-online-khong-can-toi-studio\/\" ><div class=\"elementor-post__thumbnail\"><img fetchpriority=\"high\" decoding=\"async\" width=\"768\" height=\"768\" src=\"https:\/\/tienvuphoto.com\/wp-content\/uploads\/2024\/03\/Layer-4-1-768x768.jpg\" class=\"attachment-medium_large size-medium_large wp-image-3499\" alt=\"\" srcset=\"https:\/\/tienvuphoto.com\/wp-content\/uploads\/2024\/03\/Layer-4-1-768x768.jpg 768w, https:\/\/tienvuphoto.com\/wp-content\/uploads\/2024\/03\/Layer-4-1-300x300.jpg 300w, https:\/\/tienvuphoto.com\/wp-content\/uploads\/2024\/03\/Layer-4-1-100x100.jpg 100w, https:\/\/tienvuphoto.com\/wp-content\/uploads\/2024\/03\/Layer-4-1-600x600.jpg 600w, https:\/\/tienvuphoto.com\/wp-content\/uploads\/2024\/03\/Layer-4-1-150x150.jpg 150w, https:\/\/tienvuphoto.com\/wp-content\/uploads\/2024\/03\/Layer-4-1-60x60.jpg 60w, https:\/\/tienvuphoto.com\/wp-content\/uploads\/2024\/03\/Layer-4-1.jpg 1000w\" sizes=\"(max-width: 768px) 100vw, 768px\" \/><\/div><\/a>\n\t\t\t\t<div class=\"elementor-post__avatar\">\n\t\t\t<img alt='V\u0169 Ti\u1ebfn \u0110\u1ed7' src='https:\/\/secure.gravatar.com\/avatar\/e623dd85d81ceb846d8ef111f708dd5ec765acf3db114352a45a6d07346184ef?s=128&#038;d=mm&#038;r=g' srcset='https:\/\/secure.gravatar.com\/avatar\/e623dd85d81ceb846d8ef111f708dd5ec765acf3db114352a45a6d07346184ef?s=256&#038;d=mm&#038;r=g 2x' class='avatar avatar-128 photo' height='128' width='128' \/>\t\t<\/div>\n\t\t\t\t<div class=\"elementor-post__text\">\n\t\t\t\t<h2 class=\"elementor-post__title\">\n\t\t\t<a href=\"https:\/\/tienvuphoto.com\/index.php\/2024\/03\/08\/chup-anh-san-pham-online-khong-can-toi-studio\/\" >\n\t\t\t\tCh\u1ee5p \u1ea3nh s\u1ea3n ph\u1ea9m online &#8211; kh\u00f4ng c\u1ea7n t\u1edbi studio\t\t\t<\/a>\n\t\t<\/h2>\n\t\t\n\t\t<a class=\"elementor-post__read-more\" href=\"https:\/\/tienvuphoto.com\/index.php\/2024\/03\/08\/chup-anh-san-pham-online-khong-can-toi-studio\/\" >\n\t\t\tRead More \u00bb\t\t<\/a>\n\n\t\t\t\t<\/div>\n\t\t\t\t<div class=\"elementor-post__meta-data\">\n\t\t\t\t\t<span class=\"elementor-post-date\">\n\t\t\t06\/05\/2024\t\t<\/span>\n\t\t\t\t<\/div>\n\t\t\t\t\t<\/div>\n\t\t<\/article>\n\t\t\t\t<article class=\"elementor-post elementor-grid-item post-1749 post type-post status-publish format-standard hentry category-blog latest_post\">\n\t\t\t<div class=\"elementor-post__card\">\n\t\t\t\t<div class=\"elementor-post__text\">\n\t\t\t\t<h2 class=\"elementor-post__title\">\n\t\t\t<a href=\"https:\/\/tienvuphoto.com\/index.php\/2023\/04\/12\/ban-hang-online-co-can-chup-anh-san-pham-khong\/\" >\n\t\t\t\tB\u00e1n h\u00e0ng online c\u00f3 c\u1ea7n ch\u1ee5p \u1ea3nh s\u1ea3n ph\u1ea9m kh\u00f4ng ?\t\t\t<\/a>\n\t\t<\/h2>\n\t\t\n\t\t<a class=\"elementor-post__read-more\" href=\"https:\/\/tienvuphoto.com\/index.php\/2023\/04\/12\/ban-hang-online-co-can-chup-anh-san-pham-khong\/\" >\n\t\t\tRead More \u00bb\t\t<\/a>\n\n\t\t\t\t<\/div>\n\t\t\t\t<div class=\"elementor-post__meta-data\">\n\t\t\t\t\t<span class=\"elementor-post-date\">\n\t\t\t12\/04\/2023\t\t<\/span>\n\t\t\t\t<\/div>\n\t\t\t\t\t<\/div>\n\t\t<\/article>\n\t\t\t\t<article class=\"elementor-post elementor-grid-item post-6857 post type-post status-publish format-standard hentry category-blog latest_post\">\n\t\t\t<div class=\"elementor-post__card\">\n\t\t\t\t<div class=\"elementor-post__text\">\n\t\t\t\t<h2 class=\"elementor-post__title\">\n\t\t\t<a href=\"https:\/\/tienvuphoto.com\/index.php\/2025\/08\/31\/guide-complet-du-casino-en-ligne-tout-ce-que-vous-devez-savoir-3\/\" >\n\t\t\t\tGuide complet du casino en ligne \u2013 Tout ce que vous devez savoir\t\t\t<\/a>\n\t\t<\/h2>\n\t\t\n\t\t<a class=\"elementor-post__read-more\" href=\"https:\/\/tienvuphoto.com\/index.php\/2025\/08\/31\/guide-complet-du-casino-en-ligne-tout-ce-que-vous-devez-savoir-3\/\" >\n\t\t\tRead More \u00bb\t\t<\/a>\n\n\t\t\t\t<\/div>\n\t\t\t\t<div class=\"elementor-post__meta-data\">\n\t\t\t\t\t<span class=\"elementor-post-date\">\n\t\t\t26\/03\/2026\t\t<\/span>\n\t\t\t\t<\/div>\n\t\t\t\t\t<\/div>\n\t\t<\/article>\n\t\t\t\t<article class=\"elementor-post elementor-grid-item post-6819 post type-post status-publish format-standard hentry category-blog latest_post\">\n\t\t\t<div class=\"elementor-post__card\">\n\t\t\t\t<div class=\"elementor-post__text\">\n\t\t\t\t<h2 class=\"elementor-post__title\">\n\t\t\t<a href=\"https:\/\/tienvuphoto.com\/index.php\/2026\/02\/18\/kingmaker-casino-gr\/\" >\n\t\t\t\t\u03a4\u03bf Kingmaker Casino GR: \u0397 \u03ba\u03b1\u03bb\u03cd\u03c4\u03b5\u03c1\u03b7 \u03b5\u03c0\u03b9\u03bb\u03bf\u03b3\u03ae \u03b3\u03b9\u03b1 \u03c4\u03bf\u03c5\u03c2 \u0388\u03bb\u03bb\u03b7\u03bd\u03b5\u03c2 \u03c0\u03b1\u03af\u03ba\u03c4\u03b5\u03c2\t\t\t<\/a>\n\t\t<\/h2>\n\t\t\n\t\t<a class=\"elementor-post__read-more\" href=\"https:\/\/tienvuphoto.com\/index.php\/2026\/02\/18\/kingmaker-casino-gr\/\" >\n\t\t\tRead More \u00bb\t\t<\/a>\n\n\t\t\t\t<\/div>\n\t\t\t\t<div class=\"elementor-post__meta-data\">\n\t\t\t\t\t<span class=\"elementor-post-date\">\n\t\t\t20\/02\/2026\t\t<\/span>\n\t\t\t\t<\/div>\n\t\t\t\t\t<\/div>\n\t\t<\/article>\n\t\t\t\t<article class=\"elementor-post elementor-grid-item post-7070 post type-post status-publish format-standard hentry category-blog latest_post\">\n\t\t\t<div class=\"elementor-post__card\">\n\t\t\t\t<div class=\"elementor-post__text\">\n\t\t\t\t<h2 class=\"elementor-post__title\">\n\t\t\t<a href=\"https:\/\/tienvuphoto.com\/index.php\/2025\/07\/29\/guide-complet-du-casino-en-ligne-tout-ce-que-vous-devez-savoir-57\/\" >\n\t\t\t\tGuide complet du casino en ligne \u2013 tout ce que vous devez savoir\t\t\t<\/a>\n\t\t<\/h2>\n\t\t\n\t\t<a class=\"elementor-post__read-more\" href=\"https:\/\/tienvuphoto.com\/index.php\/2025\/07\/29\/guide-complet-du-casino-en-ligne-tout-ce-que-vous-devez-savoir-57\/\" >\n\t\t\tRead More \u00bb\t\t<\/a>\n\n\t\t\t\t<\/div>\n\t\t\t\t<div class=\"elementor-post__meta-data\">\n\t\t\t\t\t<span class=\"elementor-post-date\">\n\t\t\t12\/04\/2026\t\t<\/span>\n\t\t\t\t<\/div>\n\t\t\t\t\t<\/div>\n\t\t<\/article>\n\t\t\t\t<article class=\"elementor-post elementor-grid-item post-6993 post type-post status-publish format-standard hentry category-blog latest_post\">\n\t\t\t<div class=\"elementor-post__card\">\n\t\t\t\t<div class=\"elementor-post__text\">\n\t\t\t\t<h2 class=\"elementor-post__title\">\n\t\t\t<a href=\"https:\/\/tienvuphoto.com\/index.php\/2026\/03\/14\/guide-complet-du-casino-en-ligne-tout-ce-que-vous-devez-savoir-46\/\" >\n\t\t\t\tGuide complet du casino en ligne \u2013 Tout ce que vous devez savoir\t\t\t<\/a>\n\t\t<\/h2>\n\t\t\n\t\t<a class=\"elementor-post__read-more\" href=\"https:\/\/tienvuphoto.com\/index.php\/2026\/03\/14\/guide-complet-du-casino-en-ligne-tout-ce-que-vous-devez-savoir-46\/\" >\n\t\t\tRead More \u00bb\t\t<\/a>\n\n\t\t\t\t<\/div>\n\t\t\t\t<div class=\"elementor-post__meta-data\">\n\t\t\t\t\t<span class=\"elementor-post-date\">\n\t\t\t05\/04\/2026\t\t<\/span>\n\t\t\t\t<\/div>\n\t\t\t\t\t<\/div>\n\t\t<\/article>\n\t\t\t\t<article class=\"elementor-post elementor-grid-item post-6903 post type-post status-publish format-standard hentry category-blog latest_post\">\n\t\t\t<div class=\"elementor-post__card\">\n\t\t\t\t<div class=\"elementor-post__text\">\n\t\t\t\t<h2 class=\"elementor-post__title\">\n\t\t\t<a href=\"https:\/\/tienvuphoto.com\/index.php\/2026\/02\/16\/guide-complet-du-casino-en-ligne-tout-ce-que-vous-devez-savoir-15\/\" >\n\t\t\t\tGuide complet du casino en ligne \u2013 Tout ce que vous devez savoir\t\t\t<\/a>\n\t\t<\/h2>\n\t\t\n\t\t<a class=\"elementor-post__read-more\" href=\"https:\/\/tienvuphoto.com\/index.php\/2026\/02\/16\/guide-complet-du-casino-en-ligne-tout-ce-que-vous-devez-savoir-15\/\" >\n\t\t\tRead More \u00bb\t\t<\/a>\n\n\t\t\t\t<\/div>\n\t\t\t\t<div class=\"elementor-post__meta-data\">\n\t\t\t\t\t<span class=\"elementor-post-date\">\n\t\t\t30\/03\/2026\t\t<\/span>\n\t\t\t\t<\/div>\n\t\t\t\t\t<\/div>\n\t\t<\/article>\n\t\t\t\t<article class=\"elementor-post elementor-grid-item post-6873 post type-post status-publish format-standard hentry category-blog latest_post\">\n\t\t\t<div class=\"elementor-post__card\">\n\t\t\t\t<div class=\"elementor-post__text\">\n\t\t\t\t<h2 class=\"elementor-post__title\">\n\t\t\t<a href=\"https:\/\/tienvuphoto.com\/index.php\/2026\/03\/26\/avia-masters-solusi-terbaik-untuk-pengalaman-kasino-online-tanpa-batas\/\" >\n\t\t\t\tAvia Masters: Solusi Terbaik untuk Pengalaman Kasino Online Tanpa Batas\t\t\t<\/a>\n\t\t<\/h2>\n\t\t\n\t\t<a class=\"elementor-post__read-more\" href=\"https:\/\/tienvuphoto.com\/index.php\/2026\/03\/26\/avia-masters-solusi-terbaik-untuk-pengalaman-kasino-online-tanpa-batas\/\" >\n\t\t\tRead More \u00bb\t\t<\/a>\n\n\t\t\t\t<\/div>\n\t\t\t\t<div class=\"elementor-post__meta-data\">\n\t\t\t\t\t<span class=\"elementor-post-date\">\n\t\t\t27\/03\/2026\t\t<\/span>\n\t\t\t\t<\/div>\n\t\t\t\t\t<\/div>\n\t\t<\/article>\n\t\t\t\t<article class=\"elementor-post elementor-grid-item post-7024 post type-post status-publish format-standard hentry category-blog latest_post\">\n\t\t\t<div class=\"elementor-post__card\">\n\t\t\t\t<div class=\"elementor-post__text\">\n\t\t\t\t<h2 class=\"elementor-post__title\">\n\t\t\t<a href=\"https:\/\/tienvuphoto.com\/index.php\/2025\/10\/26\/guide-complet-du-casino-en-ligne-tout-ce-que-vous-devez-savoir-54\/\" >\n\t\t\t\tGuide complet du casino en ligne \u2013 Tout ce que vous devez savoir\t\t\t<\/a>\n\t\t<\/h2>\n\t\t\n\t\t<a class=\"elementor-post__read-more\" href=\"https:\/\/tienvuphoto.com\/index.php\/2025\/10\/26\/guide-complet-du-casino-en-ligne-tout-ce-que-vous-devez-savoir-54\/\" >\n\t\t\tRead More \u00bb\t\t<\/a>\n\n\t\t\t\t<\/div>\n\t\t\t\t<div class=\"elementor-post__meta-data\">\n\t\t\t\t\t<span class=\"elementor-post-date\">\n\t\t\t08\/04\/2026\t\t<\/span>\n\t\t\t\t<\/div>\n\t\t\t\t\t<\/div>\n\t\t<\/article>\n\t\t\t\t<article class=\"elementor-post elementor-grid-item post-6859 post type-post status-publish format-standard hentry category-blog latest_post\">\n\t\t\t<div class=\"elementor-post__card\">\n\t\t\t\t<div class=\"elementor-post__text\">\n\t\t\t\t<h2 class=\"elementor-post__title\">\n\t\t\t<a href=\"https:\/\/tienvuphoto.com\/index.php\/2026\/03\/14\/guide-complet-du-casino-en-ligne-tout-ce-que-vous-devez-savoir-4\/\" >\n\t\t\t\tGuide complet du casino en ligne \u2013 Tout ce que vous devez savoir\t\t\t<\/a>\n\t\t<\/h2>\n\t\t\n\t\t<a class=\"elementor-post__read-more\" href=\"https:\/\/tienvuphoto.com\/index.php\/2026\/03\/14\/guide-complet-du-casino-en-ligne-tout-ce-que-vous-devez-savoir-4\/\" >\n\t\t\tRead More \u00bb\t\t<\/a>\n\n\t\t\t\t<\/div>\n\t\t\t\t<div class=\"elementor-post__meta-data\">\n\t\t\t\t\t<span class=\"elementor-post-date\">\n\t\t\t26\/03\/2026\t\t<\/span>\n\t\t\t\t<\/div>\n\t\t\t\t\t<\/div>\n\t\t<\/article>\n\t\t\t\t<article class=\"elementor-post elementor-grid-item post-6823 post type-post status-publish format-standard hentry category-blog latest_post\">\n\t\t\t<div class=\"elementor-post__card\">\n\t\t\t\t<div class=\"elementor-post__text\">\n\t\t\t\t<h2 class=\"elementor-post__title\">\n\t\t\t<a href=\"https:\/\/tienvuphoto.com\/index.php\/2026\/02\/22\/waarom-fairplay-casino-nl-de-nummer-n-keuze-is-voor-nederlandse-spelers\/\" >\n\t\t\t\tWaarom Fairplay Casino NL de nummer \u00e9\u00e9n keuze is voor Nederlandse spelers\t\t\t<\/a>\n\t\t<\/h2>\n\t\t\n\t\t<a class=\"elementor-post__read-more\" href=\"https:\/\/tienvuphoto.com\/index.php\/2026\/02\/22\/waarom-fairplay-casino-nl-de-nummer-n-keuze-is-voor-nederlandse-spelers\/\" >\n\t\t\tRead More \u00bb\t\t<\/a>\n\n\t\t\t\t<\/div>\n\t\t\t\t<div class=\"elementor-post__meta-data\">\n\t\t\t\t\t<span class=\"elementor-post-date\">\n\t\t\t23\/02\/2026\t\t<\/span>\n\t\t\t\t<\/div>\n\t\t\t\t\t<\/div>\n\t\t<\/article>\n\t\t\t\t<article class=\"elementor-post elementor-grid-item post-6867 post type-post status-publish format-standard hentry category-blog latest_post\">\n\t\t\t<div class=\"elementor-post__card\">\n\t\t\t\t<div class=\"elementor-post__text\">\n\t\t\t\t<h2 class=\"elementor-post__title\">\n\t\t\t<a href=\"https:\/\/tienvuphoto.com\/index.php\/2025\/05\/11\/understanding-the-legal-process-behind-a-notice-to-quit\/\" >\n\t\t\t\tUnderstanding the Legal Process Behind a Notice to Quit\t\t\t<\/a>\n\t\t<\/h2>\n\t\t\n\t\t<a class=\"elementor-post__read-more\" href=\"https:\/\/tienvuphoto.com\/index.php\/2025\/05\/11\/understanding-the-legal-process-behind-a-notice-to-quit\/\" >\n\t\t\tRead More \u00bb\t\t<\/a>\n\n\t\t\t\t<\/div>\n\t\t\t\t<div class=\"elementor-post__meta-data\">\n\t\t\t\t\t<span class=\"elementor-post-date\">\n\t\t\t27\/03\/2026\t\t<\/span>\n\t\t\t\t<\/div>\n\t\t\t\t\t<\/div>\n\t\t<\/article>\n\t\t\t\t<article class=\"elementor-post elementor-grid-item post-6967 post type-post status-publish format-standard hentry category-blog latest_post\">\n\t\t\t<div class=\"elementor-post__card\">\n\t\t\t\t<div class=\"elementor-post__text\">\n\t\t\t\t<h2 class=\"elementor-post__title\">\n\t\t\t<a href=\"https:\/\/tienvuphoto.com\/index.php\/2025\/10\/30\/guide-complet-du-casino-en-ligne-tout-ce-que-vous-devez-savoir-en-2026-3\/\" >\n\t\t\t\tGuide complet du casino en ligne : tout ce que vous devez savoir en 2026\t\t\t<\/a>\n\t\t<\/h2>\n\t\t\n\t\t<a class=\"elementor-post__read-more\" href=\"https:\/\/tienvuphoto.com\/index.php\/2025\/10\/30\/guide-complet-du-casino-en-ligne-tout-ce-que-vous-devez-savoir-en-2026-3\/\" >\n\t\t\tRead More \u00bb\t\t<\/a>\n\n\t\t\t\t<\/div>\n\t\t\t\t<div class=\"elementor-post__meta-data\">\n\t\t\t\t\t<span class=\"elementor-post-date\">\n\t\t\t03\/04\/2026\t\t<\/span>\n\t\t\t\t<\/div>\n\t\t\t\t\t<\/div>\n\t\t<\/article>\n\t\t\t\t<article class=\"elementor-post elementor-grid-item post-6889 post type-post status-publish format-standard hentry category-blog latest_post\">\n\t\t\t<div class=\"elementor-post__card\">\n\t\t\t\t<div class=\"elementor-post__text\">\n\t\t\t\t<h2 class=\"elementor-post__title\">\n\t\t\t<a href=\"https:\/\/tienvuphoto.com\/index.php\/2025\/09\/14\/guide-complet-du-casino-en-ligne-tout-ce-que-vous-devez-savoir-pour-jouer-en-toute-securite-et-maximiser-vos-gains-4\/\" >\n\t\t\t\tGuide complet du casino en ligne \u2013 Tout ce que vous devez savoir pour jouer en toute s\u00e9curit\u00e9 et maximiser vos gains\t\t\t<\/a>\n\t\t<\/h2>\n\t\t\n\t\t<a class=\"elementor-post__read-more\" href=\"https:\/\/tienvuphoto.com\/index.php\/2025\/09\/14\/guide-complet-du-casino-en-ligne-tout-ce-que-vous-devez-savoir-pour-jouer-en-toute-securite-et-maximiser-vos-gains-4\/\" >\n\t\t\tRead More \u00bb\t\t<\/a>\n\n\t\t\t\t<\/div>\n\t\t\t\t<div class=\"elementor-post__meta-data\">\n\t\t\t\t\t<span class=\"elementor-post-date\">\n\t\t\t28\/03\/2026\t\t<\/span>\n\t\t\t\t<\/div>\n\t\t\t\t\t<\/div>\n\t\t<\/article>\n\t\t\t\t<article class=\"elementor-post elementor-grid-item post-6899 post type-post status-publish format-standard hentry category-blog latest_post\">\n\t\t\t<div class=\"elementor-post__card\">\n\t\t\t\t<div class=\"elementor-post__text\">\n\t\t\t\t<h2 class=\"elementor-post__title\">\n\t\t\t<a href=\"https:\/\/tienvuphoto.com\/index.php\/2025\/11\/01\/guide-complet-du-casino-en-ligne-tout-ce-que-vous-devez-savoir-13\/\" >\n\t\t\t\tGuide complet du casino en ligne \u2013 Tout ce que vous devez savoir\t\t\t<\/a>\n\t\t<\/h2>\n\t\t\n\t\t<a class=\"elementor-post__read-more\" href=\"https:\/\/tienvuphoto.com\/index.php\/2025\/11\/01\/guide-complet-du-casino-en-ligne-tout-ce-que-vous-devez-savoir-13\/\" >\n\t\t\tRead More \u00bb\t\t<\/a>\n\n\t\t\t\t<\/div>\n\t\t\t\t<div class=\"elementor-post__meta-data\">\n\t\t\t\t\t<span class=\"elementor-post-date\">\n\t\t\t29\/03\/2026\t\t<\/span>\n\t\t\t\t<\/div>\n\t\t\t\t\t<\/div>\n\t\t<\/article>\n\t\t\t\t<article class=\"elementor-post elementor-grid-item post-6957 post type-post status-publish format-standard hentry category-blog latest_post\">\n\t\t\t<div class=\"elementor-post__card\">\n\t\t\t\t<div class=\"elementor-post__text\">\n\t\t\t\t<h2 class=\"elementor-post__title\">\n\t\t\t<a href=\"https:\/\/tienvuphoto.com\/index.php\/2026\/02\/19\/guide-complet-du-casino-en-ligne-tout-ce-que-vous-devez-savoir-34\/\" >\n\t\t\t\tGuide complet du casino en ligne \u2013 Tout ce que vous devez savoir\t\t\t<\/a>\n\t\t<\/h2>\n\t\t\n\t\t<a class=\"elementor-post__read-more\" href=\"https:\/\/tienvuphoto.com\/index.php\/2026\/02\/19\/guide-complet-du-casino-en-ligne-tout-ce-que-vous-devez-savoir-34\/\" >\n\t\t\tRead More \u00bb\t\t<\/a>\n\n\t\t\t\t<\/div>\n\t\t\t\t<div class=\"elementor-post__meta-data\">\n\t\t\t\t\t<span class=\"elementor-post-date\">\n\t\t\t02\/04\/2026\t\t<\/span>\n\t\t\t\t<\/div>\n\t\t\t\t\t<\/div>\n\t\t<\/article>\n\t\t\t\t<article class=\"elementor-post elementor-grid-item post-2653 post type-post status-publish format-standard has-post-thumbnail hentry category-blog tag-chup-anh-my-pham tag-chup-anh-san-pham tag-concept-my-pham-mau-tim latest_post\">\n\t\t\t<div class=\"elementor-post__card\">\n\t\t\t\t<a class=\"elementor-post__thumbnail__link\" href=\"https:\/\/tienvuphoto.com\/index.php\/2023\/11\/11\/chup-anh-my-pham-mau-tim-sang-trong-bi-an-quyen-luc\/\" ><div class=\"elementor-post__thumbnail\"><img decoding=\"async\" width=\"768\" height=\"996\" src=\"https:\/\/tienvuphoto.com\/wp-content\/uploads\/2023\/12\/DSC1737-768x996.jpg\" class=\"attachment-medium_large size-medium_large wp-image-3095\" alt=\"\" srcset=\"https:\/\/tienvuphoto.com\/wp-content\/uploads\/2023\/12\/DSC1737-768x996.jpg 768w, https:\/\/tienvuphoto.com\/wp-content\/uploads\/2023\/12\/DSC1737-scaled-600x778.jpg 600w, https:\/\/tienvuphoto.com\/wp-content\/uploads\/2023\/12\/DSC1737-231x300.jpg 231w, https:\/\/tienvuphoto.com\/wp-content\/uploads\/2023\/12\/DSC1737-790x1024.jpg 790w, https:\/\/tienvuphoto.com\/wp-content\/uploads\/2023\/12\/DSC1737-1185x1536.jpg 1185w, https:\/\/tienvuphoto.com\/wp-content\/uploads\/2023\/12\/DSC1737-1580x2048.jpg 1580w, https:\/\/tienvuphoto.com\/wp-content\/uploads\/2023\/12\/DSC1737-46x60.jpg 46w, https:\/\/tienvuphoto.com\/wp-content\/uploads\/2023\/12\/DSC1737-scaled.jpg 1975w\" sizes=\"(max-width: 768px) 100vw, 768px\" \/><\/div><\/a>\n\t\t\t\t<div class=\"elementor-post__avatar\">\n\t\t\t<img alt='V\u0169 Ti\u1ebfn \u0110\u1ed7' src='https:\/\/secure.gravatar.com\/avatar\/e623dd85d81ceb846d8ef111f708dd5ec765acf3db114352a45a6d07346184ef?s=128&#038;d=mm&#038;r=g' srcset='https:\/\/secure.gravatar.com\/avatar\/e623dd85d81ceb846d8ef111f708dd5ec765acf3db114352a45a6d07346184ef?s=256&#038;d=mm&#038;r=g 2x' class='avatar avatar-128 photo' height='128' width='128' \/>\t\t<\/div>\n\t\t\t\t<div class=\"elementor-post__text\">\n\t\t\t\t<h2 class=\"elementor-post__title\">\n\t\t\t<a href=\"https:\/\/tienvuphoto.com\/index.php\/2023\/11\/11\/chup-anh-my-pham-mau-tim-sang-trong-bi-an-quyen-luc\/\" >\n\t\t\t\tCh\u1ee5p \u1ea3nh m\u1ef9 ph\u1ea9m m\u00e0u t\u00edm: Sang tr\u1ecdng, b\u00ed \u1ea9n, quy\u1ec1n l\u1ef1c\t\t\t<\/a>\n\t\t<\/h2>\n\t\t\n\t\t<a class=\"elementor-post__read-more\" href=\"https:\/\/tienvuphoto.com\/index.php\/2023\/11\/11\/chup-anh-my-pham-mau-tim-sang-trong-bi-an-quyen-luc\/\" >\n\t\t\tRead More \u00bb\t\t<\/a>\n\n\t\t\t\t<\/div>\n\t\t\t\t<div class=\"elementor-post__meta-data\">\n\t\t\t\t\t<span class=\"elementor-post-date\">\n\t\t\t15\/12\/2023\t\t<\/span>\n\t\t\t\t<\/div>\n\t\t\t\t\t<\/div>\n\t\t<\/article>\n\t\t\t\t<article class=\"elementor-post elementor-grid-item post-6718 post type-post status-publish format-standard hentry category-blog latest_post\">\n\t\t\t<div class=\"elementor-post__card\">\n\t\t\t\t<div class=\"elementor-post__text\">\n\t\t\t\t<h2 class=\"elementor-post__title\">\n\t\t\t<a href=\"https:\/\/tienvuphoto.com\/index.php\/2025\/10\/11\/fenikss-lv-online-k-das-bonusa-iesp-jas-gaida-jaunus-sp-l-t-jus\/\" >\n\t\t\t\tFenikss.lv Online: K\u0101das bonusa iesp\u0113jas gaida jaunus sp\u0113l\u0113t\u0101jus\t\t\t<\/a>\n\t\t<\/h2>\n\t\t\n\t\t<a class=\"elementor-post__read-more\" href=\"https:\/\/tienvuphoto.com\/index.php\/2025\/10\/11\/fenikss-lv-online-k-das-bonusa-iesp-jas-gaida-jaunus-sp-l-t-jus\/\" >\n\t\t\tRead More \u00bb\t\t<\/a>\n\n\t\t\t\t<\/div>\n\t\t\t\t<div class=\"elementor-post__meta-data\">\n\t\t\t\t\t<span class=\"elementor-post-date\">\n\t\t\t12\/10\/2025\t\t<\/span>\n\t\t\t\t<\/div>\n\t\t\t\t\t<\/div>\n\t\t<\/article>\n\t\t\t\t<\/div>\n\t\t\n\t\t\t\t\t\t<\/div>\n\t\t\t\t<\/div>\n\t\t\t\t\t<\/div>\n\t\t<\/div>\n\t\t\t\t\t<\/div>\n\t\t<\/section>\n\t\t\t\t<\/div>\n\t\t","protected":false},"excerpt":{"rendered":"<p>C\u00e1c b\u00e0i vi\u1ebft chia s\u1ebb kinh nghi\u1ec7m ch\u1ee5p \u1ea3nh s\u1ea3n ph\u1ea9m c\u1ee7a Ti\u1ebfn V\u0169:<br \/>\nH\u01b0\u1edbng d\u1eabn ch\u1ee5p \u1ea3nh s\u1ea3n ph\u1ea9m \u0111\u1eb9p, setup \u00e1nh s\u00e1ng, h\u01b0\u1edbng d\u1eabn decor khi ch\u1ee5p \u1ea3nh s\u1ea3n ph\u1ea9m, c\u00e1c m\u1eb9o v\u1eb7t gi\u00fap \u1ea3nh s\u1ea3n ph\u1ea9m \u0111\u1eb9p h\u01a1n<\/p>\n","protected":false},"author":2,"featured_media":6580,"parent":1217,"menu_order":0,"comment_status":"closed","ping_status":"closed","template":"elementor_header_footer","meta":{"_eb_attr":"","_monsterinsights_skip_tracking":false,"_monsterinsights_sitenote_active":false,"_monsterinsights_sitenote_note":"","_monsterinsights_sitenote_category":0,"footnotes":""},"class_list":["post-1938","page","type-page","status-publish","has-post-thumbnail","hentry","latest_post"],"_links":{"self":[{"href":"https:\/\/tienvuphoto.com\/index.php\/wp-json\/wp\/v2\/pages\/1938","targetHints":{"allow":["GET"]}}],"collection":[{"href":"https:\/\/tienvuphoto.com\/index.php\/wp-json\/wp\/v2\/pages"}],"about":[{"href":"https:\/\/tienvuphoto.com\/index.php\/wp-json\/wp\/v2\/types\/page"}],"author":[{"embeddable":true,"href":"https:\/\/tienvuphoto.com\/index.php\/wp-json\/wp\/v2\/users\/2"}],"replies":[{"embeddable":true,"href":"https:\/\/tienvuphoto.com\/index.php\/wp-json\/wp\/v2\/comments?post=1938"}],"version-history":[{"count":325,"href":"https:\/\/tienvuphoto.com\/index.php\/wp-json\/wp\/v2\/pages\/1938\/revisions"}],"predecessor-version":[{"id":6593,"href":"https:\/\/tienvuphoto.com\/index.php\/wp-json\/wp\/v2\/pages\/1938\/revisions\/6593"}],"up":[{"embeddable":true,"href":"https:\/\/tienvuphoto.com\/index.php\/wp-json\/wp\/v2\/pages\/1217"}],"wp:featuredmedia":[{"embeddable":true,"href":"https:\/\/tienvuphoto.com\/index.php\/wp-json\/wp\/v2\/media\/6580"}],"wp:attachment":[{"href":"https:\/\/tienvuphoto.com\/index.php\/wp-json\/wp\/v2\/media?parent=1938"}],"curies":[{"name":"wp","href":"https:\/\/api.w.org\/{rel}","templated":true}]}}